{"id":392,"date":"2025-11-02T17:11:59","date_gmt":"2025-11-02T16:11:59","guid":{"rendered":"https:\/\/strandhuisjesskipinn.nl\/?page_id=392"},"modified":"2026-03-23T09:26:15","modified_gmt":"2026-03-23T08:26:15","slug":"allgemeine-geschaeftsbedingungen","status":"publish","type":"page","link":"https:\/\/strandhuisjesskipinn.nl\/de\/allgemeine-geschaeftsbedingungen\/","title":{"rendered":"Allgemeine Gesch\u00e4ftsbedingungen"},"content":{"rendered":"\n<div class=\"wp-block-group has-global-padding is-layout-constrained wp-block-group-is-layout-constrained\" style=\"padding-top:75px;padding-bottom:75px\">\n<h2 class=\"wp-block-heading\">Allgemeine Gesch\u00e4ftsbedingungen<\/h2>\n\n\n\n<p>Diese Allgemeinen Gesch\u00e4ftsbedingungen gelten f\u00fcr die Miete und Reservierung unserer Strandh\u00e4user Skip Inn.<\/p>\n\n\n\n<p><strong>Strandhuisjes Skip Inn B.V.<\/strong><br>Boulevard Zeezijde 17<br>2225 BB Katwijk aan Zee<br><a href=\"http:\/\/www.strandhuisjesskipinn.nl\/\">www.strandhuisjesskipinn.nl<\/a><br>E-Mail:&nbsp;info@strandhuisjesskipinn.nl<\/p>\n\n\n\n<hr class=\"wp-block-separator has-alpha-channel-opacity\"\/>\n\n\n\n<p>Reservierungen<\/p>\n\n\n\n<p>Reservierungen k\u00f6nnen \u00fcber unsere Website <a href=\"http:\/\/www.strandhuisjesskipinn.nl\/\">www.strandhuisjesskipinn.nl<\/a> vorgenommen werden. Ihre Reservierung ist nach Eingang der Anzahlung verbindlich. Der Mieter erh\u00e4lt innerhalb von 24 Stunden eine Best\u00e4tigung per E-Mail.<\/p>\n\n\n\n<p>Der Vermieter best\u00e4tigt die Reservierung innerhalb von 24 Stunden nach Eingang der Reservierung und der Anzahlung. Wir bitten Sie, diese Best\u00e4tigung nach Erhalt auf ihre Richtigkeit zu \u00fcberpr\u00fcfen. Sollten Sie innerhalb von 24 Stunden keine Best\u00e4tigung erhalten haben, kontaktieren Sie uns bitte per E-Mail.<\/p>\n\n\n\n<hr class=\"wp-block-separator has-alpha-channel-opacity\"\/>\n\n\n\n<p>Mietpreise<\/p>\n\n\n\n<p>Im Mietpreis enthalten:<\/p>\n\n\n\n<ul class=\"wp-block-list\">\n<li>Die Miete des Strandhauses wie auf der Website strandhuisjesskipinn.nl angegeben<\/li>\n\n\n\n<li>Wasser, Strom und Mehrwertsteuer<\/li>\n\n\n\n<li>Servicepaket bestehend aus:\n<ul class=\"wp-block-list\">\n<li>Sp\u00fcltuch<\/li>\n\n\n\n<li>Sp\u00fclb\u00fcrste<\/li>\n\n\n\n<li>1x Sp\u00fclmittel<\/li>\n\n\n\n<li>2x Sp\u00fclmaschinentabs<\/li>\n\n\n\n<li>4x Kaffeekapseln<\/li>\n\n\n\n<li>2x Tee<\/li>\n\n\n\n<li>1x K\u00fcchenrolle<\/li>\n\n\n\n<li>1x Duschgel<\/li>\n\n\n\n<li>1x Shampoo<\/li>\n\n\n\n<li>1x M\u00fcllbeutel<\/li>\n<\/ul>\n<\/li>\n<\/ul>\n\n\n\n<p>Nicht im Mietpreis enthalten:<\/p>\n\n\n\n<ul class=\"wp-block-list\">\n<li>Bettw\u00e4schepaket (bestehend aus Kissenbezug, Spannbettlaken und Bettbezug; die Betten sind bei Ankunft bezogen)<\/li>\n\n\n\n<li>Kurtaxe \u20ac2,50 pro Person und Nacht<\/li>\n\n\n\n<li>Endreinigung \u20ac90 (Das Strandhaus muss besenrein und ohne schmutziges Geschirr hinterlassen werden. Andernfalls werden zus\u00e4tzliche Reinigungskosten berechnet)<\/li>\n<\/ul>\n\n\n\n<p>Optionale Extras:<\/p>\n\n\n\n<ul class=\"wp-block-list\">\n<li>Kinderstuhl \u20ac10<\/li>\n\n\n\n<li>Babybett \u20ac10<\/li>\n\n\n\n<li>Handt\u00fccher (gro\u00df und klein) \u20ac7,50 pro Person<\/li>\n\n\n\n<li>K\u00fcchenw\u00e4sche \u20ac7,50 pro Strandhaus (Geschirrtuch + Handtuch)<\/li>\n\n\n\n<li>Parkausweis f\u00fcr die Parkgarage: \u20ac35 pro Woche oder \u20ac50 pro Monat<\/li>\n\n\n\n<li>Unter bestimmten Bedingungen ist es gestattet, 1 Haustier mitzubringen (15 \u20ac pro Tag). Erkundigen Sie sich nach den Bedingungen<\/li>\n<\/ul>\n\n\n\n<p>Wir berechnen keine Verwaltungskosten.<\/p>\n\n\n\n<hr class=\"wp-block-separator has-alpha-channel-opacity\"\/>\n\n\n\n<p>Zahlungen<\/p>\n\n\n\n<p>Nach der Reservierung ist der Mieter verpflichtet, eine Anzahlung in H\u00f6he von 50 % des gesamten Mietbetrags per iDEAL oder Kreditkarte zu leisten. Sobald die Zahlung eingegangen ist, ist die Reservierung verbindlich. Erfolgt keine Anzahlung, verf\u00e4llt die Reservierung.<\/p>\n\n\n\n<p>Der Restbetrag muss sp\u00e4testens sechs Wochen vor Anreise bezahlt werden. Sie erhalten hierzu eine Erinnerung per E-Mail mit einer Zahlungsaufforderung.<\/p>\n\n\n\n<p>Bei Reservierungen innerhalb von acht Wochen vor Anreise ist der Gesamtbetrag sofort per iDEAL oder Kreditkarte zu bezahlen.<\/p>\n\n\n\n<p>Den Zugangschip f\u00fcr Ihr Strandhaus erhalten Sie im Strandpavillon Skip Inn gegen Vorlage Ihrer Buchungsbest\u00e4tigung und eines g\u00fcltigen Ausweises. Bei Verlust des Zugangschips m\u00fcssen wir \u20ac25 berechnen.<\/p>\n\n\n\n<hr class=\"wp-block-separator has-alpha-channel-opacity\"\/>\n\n\n\n<p>\u00c4nderungen und Stornierungen<\/p>\n\n\n\n<ul class=\"wp-block-list\">\n<li>Stornierung bis 8 Wochen (56 Tage) vor Anreise: 25 % des gesamten Mietbetrags<\/li>\n\n\n\n<li>Stornierung bis 6 Wochen (42 Tage) vor Anreise: 50 % des gesamten Mietbetrags<\/li>\n\n\n\n<li>Stornierung bis 4 Wochen (28 Tage) vor Anreise: 75 % des gesamten Mietbetrags<\/li>\n\n\n\n<li>Stornierung innerhalb von 2 Wochen (14 Tagen) vor Anreise: 100 % des gesamten Mietbetrags<\/li>\n<\/ul>\n\n\n\n<p>Eine Umbuchung ist bis 8 Wochen (56 Tage) vor Beginn des Mietzeitraums vorbehaltlich der Verf\u00fcgbarkeit m\u00f6glich. Die Verwaltungskosten f\u00fcr eine Umbuchung betragen \u20ac50.<\/p>\n\n\n\n<p>Stornierungen m\u00fcssen stets schriftlich oder per E-Mail unter Angabe von Name, Mietzeitraum und Reservierungsnummer erfolgen.<\/p>\n\n\n\n<hr class=\"wp-block-separator has-alpha-channel-opacity\"\/>\n\n\n\n<p>Hausordnung<\/p>\n\n\n\n<p>Check-in ab 15:00 Uhr.<br>Wenn Sie voraussichtlich nach 20:00 Uhr anreisen, informieren Sie uns bitte telefonisch oder per E-Mail.<\/p>\n\n\n\n<p>Check-out bis 10:00 Uhr.<br>M\u00f6chten Sie fr\u00fcher abreisen (vor 08:00 Uhr), teilen Sie uns dies bitte sp\u00e4testens am Vorabend vor 20:00 Uhr mit.<\/p>\n\n\n\n<p>Die Strandh\u00e4user sind f\u00fcr maximal 4 Personen geeignet. Eine eventuelle 5.<sup>e<\/sup> Person ist gegen einen Aufpreis von \u20ac60 erlaubt. Diese 5.<sup>e<\/sup> Person schl\u00e4ft auf einem Luftbett inklusive Bettw\u00e4sche. Eine \u00dcberschreitung dieser Anzahl von 4 oder 5 Personen ist nicht gestattet. Jugendgruppen sind nicht erlaubt.<\/p>\n\n\n\n<p>Bei Verst\u00f6\u00dfen gegen diese Regeln ist der Vermieter berechtigt, den Mietvertrag sofort zu k\u00fcndigen.<\/p>\n\n\n\n<p>Es ist nicht gestattet:<\/p>\n\n\n\n<ul class=\"wp-block-list\">\n<li>Im Strandhaus zu rauchen oder R\u00e4ucherst\u00e4bchen zu verbrennen<\/li>\n\n\n\n<li>Eigene Ger\u00e4te wie Grills, Gasbrenner, Fritteusen, \u00d6fen, Backplatten, Infrarotlampen, elektrische Heizger\u00e4te oder andere elektrische Ger\u00e4te zu benutzen<\/li>\n\n\n\n<li>Gegenst\u00e4nde au\u00dferhalb des Strandhauses zu lagern<\/li>\n<\/ul>\n\n\n\n<p>Auf Anordnung der Feuerwehr und der Gemeinde Katwijk ist das Grillen oder das Entz\u00fcnden von offenem Feuer am oder auf dem Strand strengstens verboten.<\/p>\n\n\n\n<p>Bitte nehmen Sie nach 22:30 Uhr R\u00fccksicht auf andere G\u00e4ste und Anwohner und vermeiden Sie L\u00e4rmbel\u00e4stigungen.<\/p>\n\n\n\n<p>Bei Bel\u00e4stigungen oder Sch\u00e4den am Strandhaus kann der Mieter verpflichtet werden, das Gel\u00e4nde umgehend zu verlassen.<\/p>\n\n\n\n<p>Der Mieter ist au\u00dferdem verpflichtet, alle weiteren Hausregeln einzuhalten, die im Willkommensbuch der Strandh\u00e4user aufgef\u00fchrt sind.<\/p>\n\n\n\n<hr class=\"wp-block-separator has-alpha-channel-opacity\"\/>\n\n\n\n<p>Haftung<\/p>\n\n\n\n<p>Wir erwarten, dass Sie respektvoll mit der Natur, der Umgebung und den Strandh\u00e4usern umgehen. Der Hauptmieter (mindestens 21 Jahre alt), wie in der Best\u00e4tigung angegeben, ist f\u00fcr Ordnung und Sauberkeit im und um das Strandhaus verantwortlich.<\/p>\n\n\n\n<p>Eventuelle Sch\u00e4den, Verluste oder fehlendes Inventar sind vom Hauptmieter unverz\u00fcglich zu begleichen.<\/p>\n\n\n\n<p>Skip Inn haftet nicht f\u00fcr:<\/p>\n\n\n\n<ul class=\"wp-block-list\">\n<li>Verlust, Diebstahl, Sch\u00e4den oder Unf\u00e4lle von Personen und\/oder Gegenst\u00e4nden w\u00e4hrend oder infolge des Aufenthalts im Strandhaus<\/li>\n\n\n\n<li>St\u00f6rungen oder Defekte an technischen Anlagen im Strandhaus<\/li>\n<\/ul>\n\n\n\n<p>Sie stellen Strandhuisjes Skip Inn B.V. von allen Anspr\u00fcchen Dritter wegen Sch\u00e4den frei, die aus einem Handeln oder Unterlassen von Ihnen selbst, anderen Nutzern, Ihren Mitreisenden oder Dritten resultieren, die sich mit Ihrer Zustimmung auf dem Strandabschnitt aufhalten.<\/p>\n\n\n\n<p>Skip Inn beh\u00e4lt sich ausdr\u00fccklich das Recht vor, falls erforderlich, w\u00e4hrend Ihres Aufenthalts Wartungsarbeiten an der Unterkunft oder den Einrichtungen durchzuf\u00fchren, ohne Anspruch auf Entsch\u00e4digung. Dies erfolgt ausschlie\u00dflich zur Sicherstellung der Qualit\u00e4t Ihres Aufenthalts.<\/p>\n\n\n\n<hr class=\"wp-block-separator has-alpha-channel-opacity\"\/>\n\n\n\n<p>Beschwerden<\/p>\n\n\n\n<p>Skip Inn ist bestrebt, Ihren Aufenthalt so angenehm wie m\u00f6glich zu gestalten. Trotz unserer Sorgfalt kann es vorkommen, dass Sie eine Beschwerde haben.<\/p>\n\n\n\n<p>Beschwerden m\u00fcssen unverz\u00fcglich vor Ort gemeldet werden, damit Skip Inn die M\u00f6glichkeit hat, das Problem zu Ihrer Zufriedenheit zu l\u00f6sen.<\/p>\n\n\n\n<hr class=\"wp-block-separator has-alpha-channel-opacity\"\/>\n\n\n\n<p>Sonstige Bestimmungen<\/p>\n\n\n\n<p>Auf den Mietvertrag findet niederl\u00e4ndisches Recht Anwendung.<\/p>\n<\/div>\n","protected":false},"excerpt":{"rendered":"<p>Allgemeine Gesch\u00e4ftsbedingungen Diese Allgemeinen Gesch\u00e4ftsbedingungen gelten f\u00fcr die Miete und Reservierung unserer Strandh\u00e4user Skip Inn. Strandhuisjes Skip Inn B.V.Boulevard Zeezijde 172225 BB Katwijk aan Zeewww.strandhuisjesskipinn.nlE-Mail:&nbsp;info@strandhuisjesskipinn.nl Reservierungen Reservierungen k\u00f6nnen \u00fcber unsere Website www.strandhuisjesskipinn.nl vorgenommen werden. Ihre Reservierung ist nach Eingang der Anzahlung verbindlich. Der Mieter erh\u00e4lt innerhalb von 24 Stunden eine Best\u00e4tigung per E-Mail. Der Vermieter [&hellip;]<\/p>\n","protected":false},"author":1,"featured_media":0,"parent":0,"menu_order":0,"comment_status":"closed","ping_status":"closed","template":"volledige-breedte","meta":{"_coblocks_attr":"","_coblocks_dimensions":"","_coblocks_responsive_height":"","_coblocks_accordion_ie_support":"","footnotes":""},"class_list":["post-392","page","type-page","status-publish","hentry"],"yoast_head":"<!-- This site is optimized with the Yoast SEO plugin v27.4 - https:\/\/yoast.com\/product\/yoast-seo-wordpress\/ -->\n<title>Allgemeine Gesch\u00e4ftsbedingungen - Skip Inn Beach Houses<\/title>\n<meta name=\"robots\" content=\"noindex, nofollow\" \/>\n<meta property=\"og:locale\" content=\"de_DE\" \/>\n<meta property=\"og:type\" content=\"article\" \/>\n<meta property=\"og:title\" content=\"Allgemeine Gesch\u00e4ftsbedingungen - Skip Inn Beach Houses\" \/>\n<meta property=\"og:description\" content=\"Allgemeine Gesch\u00e4ftsbedingungen Diese Allgemeinen Gesch\u00e4ftsbedingungen gelten f\u00fcr die Miete und Reservierung unserer Strandh\u00e4user Skip Inn. Strandhuisjes Skip Inn B.V.Boulevard Zeezijde 172225 BB Katwijk aan Zeewww.strandhuisjesskipinn.nlE-Mail:&nbsp;info@strandhuisjesskipinn.nl Reservierungen Reservierungen k\u00f6nnen \u00fcber unsere Website www.strandhuisjesskipinn.nl vorgenommen werden. Ihre Reservierung ist nach Eingang der Anzahlung verbindlich. Der Mieter erh\u00e4lt innerhalb von 24 Stunden eine Best\u00e4tigung per E-Mail. Der Vermieter [&hellip;]\" \/>\n<meta property=\"og:url\" content=\"https:\/\/strandhuisjesskipinn.nl\/de\/allgemeine-geschaeftsbedingungen\/\" \/>\n<meta property=\"og:site_name\" content=\"Skip Inn Beach Houses\" \/>\n<meta property=\"article:modified_time\" content=\"2026-03-23T08:26:15+00:00\" \/>\n<meta name=\"twitter:card\" content=\"summary_large_image\" \/>\n<meta name=\"twitter:label1\" content=\"Gesch\u00e4tzte Lesezeit\" \/>\n\t<meta name=\"twitter:data1\" content=\"5\u00a0Minuten\" \/>\n<script type=\"application\/ld+json\" class=\"yoast-schema-graph\">{\"@context\":\"https:\\\/\\\/schema.org\",\"@graph\":[{\"@type\":\"WebPage\",\"@id\":\"https:\\\/\\\/strandhuisjesskipinn.nl\\\/de\\\/allgemeine-geschaeftsbedingungen\\\/\",\"url\":\"https:\\\/\\\/strandhuisjesskipinn.nl\\\/de\\\/allgemeine-geschaeftsbedingungen\\\/\",\"name\":\"Allgemeine Gesch\u00e4ftsbedingungen - Skip Inn Beach Houses\",\"isPartOf\":{\"@id\":\"https:\\\/\\\/strandhuisjesskipinn.nl\\\/de\\\/#website\"},\"datePublished\":\"2025-11-02T16:11:59+00:00\",\"dateModified\":\"2026-03-23T08:26:15+00:00\",\"breadcrumb\":{\"@id\":\"https:\\\/\\\/strandhuisjesskipinn.nl\\\/de\\\/allgemeine-geschaeftsbedingungen\\\/#breadcrumb\"},\"inLanguage\":\"de\",\"potentialAction\":[{\"@type\":\"ReadAction\",\"target\":[\"https:\\\/\\\/strandhuisjesskipinn.nl\\\/de\\\/allgemeine-geschaeftsbedingungen\\\/\"]}]},{\"@type\":\"BreadcrumbList\",\"@id\":\"https:\\\/\\\/strandhuisjesskipinn.nl\\\/de\\\/allgemeine-geschaeftsbedingungen\\\/#breadcrumb\",\"itemListElement\":[{\"@type\":\"ListItem\",\"position\":1,\"name\":\"Home\",\"item\":\"https:\\\/\\\/strandhuisjesskipinn.nl\\\/de\\\/\"},{\"@type\":\"ListItem\",\"position\":2,\"name\":\"Allgemeine Gesch\u00e4ftsbedingungen\"}]},{\"@type\":\"WebSite\",\"@id\":\"https:\\\/\\\/strandhuisjesskipinn.nl\\\/de\\\/#website\",\"url\":\"https:\\\/\\\/strandhuisjesskipinn.nl\\\/de\\\/\",\"name\":\"Skip Inn Beach Houses\",\"description\":\"Where the ocean is your backyard and relaxation comes naturally\",\"publisher\":{\"@id\":\"https:\\\/\\\/strandhuisjesskipinn.nl\\\/de\\\/#organization\"},\"potentialAction\":[{\"@type\":\"SearchAction\",\"target\":{\"@type\":\"EntryPoint\",\"urlTemplate\":\"https:\\\/\\\/strandhuisjesskipinn.nl\\\/de\\\/?s={search_term_string}\"},\"query-input\":{\"@type\":\"PropertyValueSpecification\",\"valueRequired\":true,\"valueName\":\"search_term_string\"}}],\"inLanguage\":\"de\"},{\"@type\":\"Organization\",\"@id\":\"https:\\\/\\\/strandhuisjesskipinn.nl\\\/de\\\/#organization\",\"name\":\"Strandhuisjes Skip Inn B.V.\",\"url\":\"https:\\\/\\\/strandhuisjesskipinn.nl\\\/de\\\/\",\"logo\":{\"@type\":\"ImageObject\",\"inLanguage\":\"de\",\"@id\":\"https:\\\/\\\/strandhuisjesskipinn.nl\\\/de\\\/#\\\/schema\\\/logo\\\/image\\\/\",\"url\":\"https:\\\/\\\/strandhuisjesskipinn.nl\\\/wp-content\\\/uploads\\\/2025\\\/11\\\/Skip-Inn-Beachhouses_logo.svg\",\"contentUrl\":\"https:\\\/\\\/strandhuisjesskipinn.nl\\\/wp-content\\\/uploads\\\/2025\\\/11\\\/Skip-Inn-Beachhouses_logo.svg\",\"caption\":\"Strandhuisjes Skip Inn B.V.\"},\"image\":{\"@id\":\"https:\\\/\\\/strandhuisjesskipinn.nl\\\/de\\\/#\\\/schema\\\/logo\\\/image\\\/\"}}]}<\/script>\n<!-- \/ Yoast SEO plugin. -->","yoast_head_json":{"title":"Allgemeine Gesch\u00e4ftsbedingungen - Skip Inn Beach Houses","robots":{"index":"noindex","follow":"nofollow"},"og_locale":"de_DE","og_type":"article","og_title":"Allgemeine Gesch\u00e4ftsbedingungen - Skip Inn Beach Houses","og_description":"Allgemeine Gesch\u00e4ftsbedingungen Diese Allgemeinen Gesch\u00e4ftsbedingungen gelten f\u00fcr die Miete und Reservierung unserer Strandh\u00e4user Skip Inn. Strandhuisjes Skip Inn B.V.Boulevard Zeezijde 172225 BB Katwijk aan Zeewww.strandhuisjesskipinn.nlE-Mail:&nbsp;info@strandhuisjesskipinn.nl Reservierungen Reservierungen k\u00f6nnen \u00fcber unsere Website www.strandhuisjesskipinn.nl vorgenommen werden. Ihre Reservierung ist nach Eingang der Anzahlung verbindlich. Der Mieter erh\u00e4lt innerhalb von 24 Stunden eine Best\u00e4tigung per E-Mail. Der Vermieter [&hellip;]","og_url":"https:\/\/strandhuisjesskipinn.nl\/de\/allgemeine-geschaeftsbedingungen\/","og_site_name":"Skip Inn Beach Houses","article_modified_time":"2026-03-23T08:26:15+00:00","twitter_card":"summary_large_image","twitter_misc":{"Gesch\u00e4tzte Lesezeit":"5\u00a0Minuten"},"schema":{"@context":"https:\/\/schema.org","@graph":[{"@type":"WebPage","@id":"https:\/\/strandhuisjesskipinn.nl\/de\/allgemeine-geschaeftsbedingungen\/","url":"https:\/\/strandhuisjesskipinn.nl\/de\/allgemeine-geschaeftsbedingungen\/","name":"Allgemeine Gesch\u00e4ftsbedingungen - Skip Inn Beach Houses","isPartOf":{"@id":"https:\/\/strandhuisjesskipinn.nl\/de\/#website"},"datePublished":"2025-11-02T16:11:59+00:00","dateModified":"2026-03-23T08:26:15+00:00","breadcrumb":{"@id":"https:\/\/strandhuisjesskipinn.nl\/de\/allgemeine-geschaeftsbedingungen\/#breadcrumb"},"inLanguage":"de","potentialAction":[{"@type":"ReadAction","target":["https:\/\/strandhuisjesskipinn.nl\/de\/allgemeine-geschaeftsbedingungen\/"]}]},{"@type":"BreadcrumbList","@id":"https:\/\/strandhuisjesskipinn.nl\/de\/allgemeine-geschaeftsbedingungen\/#breadcrumb","itemListElement":[{"@type":"ListItem","position":1,"name":"Home","item":"https:\/\/strandhuisjesskipinn.nl\/de\/"},{"@type":"ListItem","position":2,"name":"Allgemeine Gesch\u00e4ftsbedingungen"}]},{"@type":"WebSite","@id":"https:\/\/strandhuisjesskipinn.nl\/de\/#website","url":"https:\/\/strandhuisjesskipinn.nl\/de\/","name":"Skip Inn Beach Houses","description":"Where the ocean is your backyard and relaxation comes naturally","publisher":{"@id":"https:\/\/strandhuisjesskipinn.nl\/de\/#organization"},"potentialAction":[{"@type":"SearchAction","target":{"@type":"EntryPoint","urlTemplate":"https:\/\/strandhuisjesskipinn.nl\/de\/?s={search_term_string}"},"query-input":{"@type":"PropertyValueSpecification","valueRequired":true,"valueName":"search_term_string"}}],"inLanguage":"de"},{"@type":"Organization","@id":"https:\/\/strandhuisjesskipinn.nl\/de\/#organization","name":"Strandhuisjes Skip Inn B.V.","url":"https:\/\/strandhuisjesskipinn.nl\/de\/","logo":{"@type":"ImageObject","inLanguage":"de","@id":"https:\/\/strandhuisjesskipinn.nl\/de\/#\/schema\/logo\/image\/","url":"https:\/\/strandhuisjesskipinn.nl\/wp-content\/uploads\/2025\/11\/Skip-Inn-Beachhouses_logo.svg","contentUrl":"https:\/\/strandhuisjesskipinn.nl\/wp-content\/uploads\/2025\/11\/Skip-Inn-Beachhouses_logo.svg","caption":"Strandhuisjes Skip Inn B.V."},"image":{"@id":"https:\/\/strandhuisjesskipinn.nl\/de\/#\/schema\/logo\/image\/"}}]}},"_links":{"self":[{"href":"https:\/\/strandhuisjesskipinn.nl\/de\/wp-json\/wp\/v2\/pages\/392","targetHints":{"allow":["GET"]}}],"collection":[{"href":"https:\/\/strandhuisjesskipinn.nl\/de\/wp-json\/wp\/v2\/pages"}],"about":[{"href":"https:\/\/strandhuisjesskipinn.nl\/de\/wp-json\/wp\/v2\/types\/page"}],"author":[{"embeddable":true,"href":"https:\/\/strandhuisjesskipinn.nl\/de\/wp-json\/wp\/v2\/users\/1"}],"replies":[{"embeddable":true,"href":"https:\/\/strandhuisjesskipinn.nl\/de\/wp-json\/wp\/v2\/comments?post=392"}],"version-history":[{"count":4,"href":"https:\/\/strandhuisjesskipinn.nl\/de\/wp-json\/wp\/v2\/pages\/392\/revisions"}],"predecessor-version":[{"id":1402,"href":"https:\/\/strandhuisjesskipinn.nl\/de\/wp-json\/wp\/v2\/pages\/392\/revisions\/1402"}],"wp:attachment":[{"href":"https:\/\/strandhuisjesskipinn.nl\/de\/wp-json\/wp\/v2\/media?parent=392"}],"curies":[{"name":"wp","href":"https:\/\/api.w.org\/{rel}","templated":true}]}}