{"id":390,"date":"2025-11-01T14:19:52","date_gmt":"2025-11-01T13:19:52","guid":{"rendered":"https:\/\/strandhuisjesskipinn.nl\/?page_id=390"},"modified":"2025-11-19T10:06:54","modified_gmt":"2025-11-19T09:06:54","slug":"buchen","status":"publish","type":"page","link":"https:\/\/strandhuisjesskipinn.nl\/de\/buchen\/","title":{"rendered":"Buchen"},"content":{"rendered":"\n<div class=\"wp-block-group alignfull has-global-padding is-layout-constrained wp-container-core-group-is-layout-bcaa16da wp-block-group-is-layout-constrained\" style=\"padding-top:75px;padding-bottom:75px\">\n<div class=\"wp-block-columns is-layout-flex wp-container-core-columns-is-layout-28f84493 wp-block-columns-is-layout-flex\">\n<div class=\"wp-block-column is-layout-flow wp-block-column-is-layout-flow\" style=\"flex-basis:100%\">\n<iframe loading=\"lazy\" src=\"https:\/\/app.novusonline.eu\/boeken\/4?lang=de\" id=\"framefullheigh\" width=\"100%\" height=\"12000px\" style=\"border: none; margin: 0 auto;\" ><\/iframe>\n<\/div>\n<\/div>\n<\/div>\n","protected":false},"excerpt":{"rendered":"","protected":false},"author":1,"featured_media":0,"parent":0,"menu_order":0,"comment_status":"closed","ping_status":"closed","template":"","meta":{"_coblocks_attr":"","_coblocks_dimensions":"","_coblocks_responsive_height":"","_coblocks_accordion_ie_support":"","footnotes":""},"class_list":["post-390","page","type-page","status-publish","hentry"],"yoast_head":"<!-- This site is optimized with the Yoast SEO plugin v27.4 - https:\/\/yoast.com\/product\/yoast-seo-wordpress\/ -->\n<title>Buchen Sie Ihren Aufenthalt - Skip Inn Beach Houses<\/title>\n<meta name=\"description\" content=\"Buchen Sie Ihren Aufenthalt in unseren brandneuen, luxuri\u00f6sen Strandh\u00e4usern in Katwijk. Genie\u00dfen Sie modernen Komfort, Meerblick und einen einzigartigen Urlaub direkt am Strand.\" \/>\n<meta name=\"robots\" content=\"index, follow, max-snippet:-1, max-image-preview:large, max-video-preview:-1\" \/>\n<link rel=\"canonical\" href=\"https:\/\/strandhuisjesskipinn.nl\/de\/buchen\/\" \/>\n<meta property=\"og:locale\" content=\"de_DE\" \/>\n<meta property=\"og:type\" content=\"article\" \/>\n<meta property=\"og:title\" content=\"Buchen Sie Ihren Aufenthalt - Skip Inn Beach Houses\" \/>\n<meta property=\"og:description\" content=\"Buchen Sie Ihren Aufenthalt in unseren brandneuen, luxuri\u00f6sen Strandh\u00e4usern in Katwijk. Genie\u00dfen Sie modernen Komfort, Meerblick und einen einzigartigen Urlaub direkt am Strand.\" \/>\n<meta property=\"og:url\" content=\"https:\/\/strandhuisjesskipinn.nl\/de\/buchen\/\" \/>\n<meta property=\"og:site_name\" content=\"Skip Inn Beach Houses\" \/>\n<meta property=\"article:modified_time\" content=\"2025-11-19T09:06:54+00:00\" \/>\n<meta name=\"twitter:card\" content=\"summary_large_image\" \/>\n<script type=\"application\/ld+json\" class=\"yoast-schema-graph\">{\"@context\":\"https:\\\/\\\/schema.org\",\"@graph\":[{\"@type\":\"WebPage\",\"@id\":\"https:\\\/\\\/strandhuisjesskipinn.nl\\\/de\\\/buchen\\\/\",\"url\":\"https:\\\/\\\/strandhuisjesskipinn.nl\\\/de\\\/buchen\\\/\",\"name\":\"Buchen Sie Ihren Aufenthalt - Skip Inn Beach Houses\",\"isPartOf\":{\"@id\":\"https:\\\/\\\/strandhuisjesskipinn.nl\\\/de\\\/#website\"},\"datePublished\":\"2025-11-01T13:19:52+00:00\",\"dateModified\":\"2025-11-19T09:06:54+00:00\",\"description\":\"Buchen Sie Ihren Aufenthalt in unseren brandneuen, luxuri\u00f6sen Strandh\u00e4usern in Katwijk. Genie\u00dfen Sie modernen Komfort, Meerblick und einen einzigartigen Urlaub direkt am Strand.\",\"breadcrumb\":{\"@id\":\"https:\\\/\\\/strandhuisjesskipinn.nl\\\/de\\\/buchen\\\/#breadcrumb\"},\"inLanguage\":\"de\",\"potentialAction\":[{\"@type\":\"ReadAction\",\"target\":[\"https:\\\/\\\/strandhuisjesskipinn.nl\\\/de\\\/buchen\\\/\"]}]},{\"@type\":\"BreadcrumbList\",\"@id\":\"https:\\\/\\\/strandhuisjesskipinn.nl\\\/de\\\/buchen\\\/#breadcrumb\",\"itemListElement\":[{\"@type\":\"ListItem\",\"position\":1,\"name\":\"Home\",\"item\":\"https:\\\/\\\/strandhuisjesskipinn.nl\\\/de\\\/\"},{\"@type\":\"ListItem\",\"position\":2,\"name\":\"Buchen\"}]},{\"@type\":\"WebSite\",\"@id\":\"https:\\\/\\\/strandhuisjesskipinn.nl\\\/de\\\/#website\",\"url\":\"https:\\\/\\\/strandhuisjesskipinn.nl\\\/de\\\/\",\"name\":\"Skip Inn Beach Houses\",\"description\":\"Where the ocean is your backyard and relaxation comes naturally\",\"publisher\":{\"@id\":\"https:\\\/\\\/strandhuisjesskipinn.nl\\\/de\\\/#organization\"},\"potentialAction\":[{\"@type\":\"SearchAction\",\"target\":{\"@type\":\"EntryPoint\",\"urlTemplate\":\"https:\\\/\\\/strandhuisjesskipinn.nl\\\/de\\\/?s={search_term_string}\"},\"query-input\":{\"@type\":\"PropertyValueSpecification\",\"valueRequired\":true,\"valueName\":\"search_term_string\"}}],\"inLanguage\":\"de\"},{\"@type\":\"Organization\",\"@id\":\"https:\\\/\\\/strandhuisjesskipinn.nl\\\/de\\\/#organization\",\"name\":\"Strandhuisjes Skip Inn B.V.\",\"url\":\"https:\\\/\\\/strandhuisjesskipinn.nl\\\/de\\\/\",\"logo\":{\"@type\":\"ImageObject\",\"inLanguage\":\"de\",\"@id\":\"https:\\\/\\\/strandhuisjesskipinn.nl\\\/de\\\/#\\\/schema\\\/logo\\\/image\\\/\",\"url\":\"https:\\\/\\\/strandhuisjesskipinn.nl\\\/wp-content\\\/uploads\\\/2025\\\/11\\\/Skip-Inn-Beachhouses_logo.svg\",\"contentUrl\":\"https:\\\/\\\/strandhuisjesskipinn.nl\\\/wp-content\\\/uploads\\\/2025\\\/11\\\/Skip-Inn-Beachhouses_logo.svg\",\"caption\":\"Strandhuisjes Skip Inn B.V.\"},\"image\":{\"@id\":\"https:\\\/\\\/strandhuisjesskipinn.nl\\\/de\\\/#\\\/schema\\\/logo\\\/image\\\/\"}}]}<\/script>\n<!-- \/ Yoast SEO plugin. -->","yoast_head_json":{"title":"Buchen Sie Ihren Aufenthalt - Skip Inn Beach Houses","description":"Buchen Sie Ihren Aufenthalt in unseren brandneuen, luxuri\u00f6sen Strandh\u00e4usern in Katwijk. Genie\u00dfen Sie modernen Komfort, Meerblick und einen einzigartigen Urlaub direkt am Strand.","robots":{"index":"index","follow":"follow","max-snippet":"max-snippet:-1","max-image-preview":"max-image-preview:large","max-video-preview":"max-video-preview:-1"},"canonical":"https:\/\/strandhuisjesskipinn.nl\/de\/buchen\/","og_locale":"de_DE","og_type":"article","og_title":"Buchen Sie Ihren Aufenthalt - Skip Inn Beach Houses","og_description":"Buchen Sie Ihren Aufenthalt in unseren brandneuen, luxuri\u00f6sen Strandh\u00e4usern in Katwijk. Genie\u00dfen Sie modernen Komfort, Meerblick und einen einzigartigen Urlaub direkt am Strand.","og_url":"https:\/\/strandhuisjesskipinn.nl\/de\/buchen\/","og_site_name":"Skip Inn Beach Houses","article_modified_time":"2025-11-19T09:06:54+00:00","twitter_card":"summary_large_image","schema":{"@context":"https:\/\/schema.org","@graph":[{"@type":"WebPage","@id":"https:\/\/strandhuisjesskipinn.nl\/de\/buchen\/","url":"https:\/\/strandhuisjesskipinn.nl\/de\/buchen\/","name":"Buchen Sie Ihren Aufenthalt - Skip Inn Beach Houses","isPartOf":{"@id":"https:\/\/strandhuisjesskipinn.nl\/de\/#website"},"datePublished":"2025-11-01T13:19:52+00:00","dateModified":"2025-11-19T09:06:54+00:00","description":"Buchen Sie Ihren Aufenthalt in unseren brandneuen, luxuri\u00f6sen Strandh\u00e4usern in Katwijk. Genie\u00dfen Sie modernen Komfort, Meerblick und einen einzigartigen Urlaub direkt am Strand.","breadcrumb":{"@id":"https:\/\/strandhuisjesskipinn.nl\/de\/buchen\/#breadcrumb"},"inLanguage":"de","potentialAction":[{"@type":"ReadAction","target":["https:\/\/strandhuisjesskipinn.nl\/de\/buchen\/"]}]},{"@type":"BreadcrumbList","@id":"https:\/\/strandhuisjesskipinn.nl\/de\/buchen\/#breadcrumb","itemListElement":[{"@type":"ListItem","position":1,"name":"Home","item":"https:\/\/strandhuisjesskipinn.nl\/de\/"},{"@type":"ListItem","position":2,"name":"Buchen"}]},{"@type":"WebSite","@id":"https:\/\/strandhuisjesskipinn.nl\/de\/#website","url":"https:\/\/strandhuisjesskipinn.nl\/de\/","name":"Skip Inn Beach Houses","description":"Where the ocean is your backyard and relaxation comes naturally","publisher":{"@id":"https:\/\/strandhuisjesskipinn.nl\/de\/#organization"},"potentialAction":[{"@type":"SearchAction","target":{"@type":"EntryPoint","urlTemplate":"https:\/\/strandhuisjesskipinn.nl\/de\/?s={search_term_string}"},"query-input":{"@type":"PropertyValueSpecification","valueRequired":true,"valueName":"search_term_string"}}],"inLanguage":"de"},{"@type":"Organization","@id":"https:\/\/strandhuisjesskipinn.nl\/de\/#organization","name":"Strandhuisjes Skip Inn B.V.","url":"https:\/\/strandhuisjesskipinn.nl\/de\/","logo":{"@type":"ImageObject","inLanguage":"de","@id":"https:\/\/strandhuisjesskipinn.nl\/de\/#\/schema\/logo\/image\/","url":"https:\/\/strandhuisjesskipinn.nl\/wp-content\/uploads\/2025\/11\/Skip-Inn-Beachhouses_logo.svg","contentUrl":"https:\/\/strandhuisjesskipinn.nl\/wp-content\/uploads\/2025\/11\/Skip-Inn-Beachhouses_logo.svg","caption":"Strandhuisjes Skip Inn B.V."},"image":{"@id":"https:\/\/strandhuisjesskipinn.nl\/de\/#\/schema\/logo\/image\/"}}]}},"_links":{"self":[{"href":"https:\/\/strandhuisjesskipinn.nl\/de\/wp-json\/wp\/v2\/pages\/390","targetHints":{"allow":["GET"]}}],"collection":[{"href":"https:\/\/strandhuisjesskipinn.nl\/de\/wp-json\/wp\/v2\/pages"}],"about":[{"href":"https:\/\/strandhuisjesskipinn.nl\/de\/wp-json\/wp\/v2\/types\/page"}],"author":[{"embeddable":true,"href":"https:\/\/strandhuisjesskipinn.nl\/de\/wp-json\/wp\/v2\/users\/1"}],"replies":[{"embeddable":true,"href":"https:\/\/strandhuisjesskipinn.nl\/de\/wp-json\/wp\/v2\/comments?post=390"}],"version-history":[{"count":4,"href":"https:\/\/strandhuisjesskipinn.nl\/de\/wp-json\/wp\/v2\/pages\/390\/revisions"}],"predecessor-version":[{"id":522,"href":"https:\/\/strandhuisjesskipinn.nl\/de\/wp-json\/wp\/v2\/pages\/390\/revisions\/522"}],"wp:attachment":[{"href":"https:\/\/strandhuisjesskipinn.nl\/de\/wp-json\/wp\/v2\/media?parent=390"}],"curies":[{"name":"wp","href":"https:\/\/api.w.org\/{rel}","templated":true}]}}