{"id":387,"date":"2025-11-02T17:19:09","date_gmt":"2025-11-02T16:19:09","guid":{"rendered":"https:\/\/strandhuisjesskipinn.nl\/?page_id=387"},"modified":"2026-02-17T15:38:13","modified_gmt":"2026-02-17T14:38:13","slug":"kontakt","status":"publish","type":"page","link":"https:\/\/strandhuisjesskipinn.nl\/de\/kontakt\/","title":{"rendered":"Kontakt"},"content":{"rendered":"\n<div class=\"wp-block-cover is-light\" style=\"padding-top:75px;padding-bottom:75px\"><img loading=\"lazy\" decoding=\"async\" width=\"1400\" height=\"933\" class=\"wp-block-cover__image-background wp-image-955 size-full\" alt=\"\" src=\"https:\/\/strandhuisjesskipinn.nl\/wp-content\/uploads\/2026\/02\/DSC_9183.webp\" style=\"object-position:51% 100%\" data-object-fit=\"cover\" data-object-position=\"51% 100%\" srcset=\"https:\/\/strandhuisjesskipinn.nl\/wp-content\/uploads\/2026\/02\/DSC_9183.webp 1400w, https:\/\/strandhuisjesskipinn.nl\/wp-content\/uploads\/2026\/02\/DSC_9183-300x200.webp 300w, https:\/\/strandhuisjesskipinn.nl\/wp-content\/uploads\/2026\/02\/DSC_9183-1024x682.webp 1024w, https:\/\/strandhuisjesskipinn.nl\/wp-content\/uploads\/2026\/02\/DSC_9183-768x512.webp 768w\" sizes=\"auto, (max-width: 1400px) 100vw, 1400px\" \/><span aria-hidden=\"true\" class=\"wp-block-cover__background has-background-dim-0 has-background-dim\"><\/span><div class=\"wp-block-cover__inner-container has-global-padding is-layout-constrained wp-block-cover-is-layout-constrained\">\n<div class=\"wp-block-buttons is-content-justification-center is-layout-flex wp-container-core-buttons-is-layout-9cede8f6 wp-block-buttons-is-layout-flex\" style=\"margin-top:0;margin-bottom:0\">\n<div class=\"wp-block-button\"><a class=\"wp-block-button__link has-accent-3-color has-text-color has-background has-link-color wp-element-button\" href=\"https:\/\/strandhuisjesskipinn.nl\/de\/buchen\/\" style=\"border-radius:0px;background-color:#bae600;padding-right:var(--wp--preset--spacing--30);padding-left:var(--wp--preset--spacing--30)\">\ud83d\udc49 Verf\u00fcgbarkeit pr\u00fcfen<\/a><\/div>\n<\/div>\n<\/div><\/div>\n\n\n\n<div style=\"height:75px\" aria-hidden=\"true\" class=\"wp-block-spacer\"><\/div>\n\n\n\n<h1 class=\"wp-block-heading has-text-align-center has-accent-3-color has-text-color has-link-color wp-elements-cec7a896a029dce69574ca028cb17047\" style=\"font-style:normal;font-weight:1000\">Kontakt zu Skip Inn Beach Houses<\/h1>\n\n\n\n<h2 class=\"wp-block-heading has-text-align-center has-accent-3-color has-text-color has-link-color wp-elements-76140037adfd409b74c2d4ab7cd118cf\" style=\"font-style:normal;font-weight:200\">Fragen, Buchungen oder besondere W\u00fcnsche? Wir sind f\u00fcr Sie da.<\/h2>\n\n\n\n<div class=\"wp-block-group has-global-padding is-layout-constrained wp-block-group-is-layout-constrained\">\n<div style=\"height:85px\" aria-hidden=\"true\" class=\"wp-block-spacer\"><\/div>\n\n\n\n<div style=\"height:10px\" aria-hidden=\"true\" class=\"wp-block-spacer\"><\/div>\n<\/div>\n\n\n\n<div class=\"wp-block-group has-global-padding is-layout-constrained wp-container-core-group-is-layout-0b40682b wp-block-group-is-layout-constrained\">\n<div class=\"wp-block-columns are-vertically-aligned-center is-layout-flex wp-container-core-columns-is-layout-c2d6fa21 wp-block-columns-is-layout-flex\">\n<div class=\"wp-block-column is-vertically-aligned-center is-layout-flow wp-block-column-is-layout-flow\" style=\"flex-basis:60%\">\n<div class=\"wp-block-group has-global-padding is-layout-constrained wp-block-group-is-layout-constrained\" style=\"padding-top:50px;padding-bottom:50px\">\n<h2 class=\"wp-block-heading\">Skip Inn Beach Houses<\/h2>\n\n\n\n<p>Boulevard Zeezijde 17<br>2225 BB Katwijk aan Zee<br>Niederlande<\/p>\n\n\n\n<p><a href=\"mailto:info@strandhuisjesskipinn.nl\">info@strandhuisjesskipinn.nl<\/a><br><a data-type=\"tel\" data-id=\"tel:0031641514258\" href=\"tel:0031641514258\">0031 (6) 415 142 58<\/a><br><a href=\"tel:0031653690763\">0031 (6) 536 907 63<\/a><\/p>\n\n\n\n<p><strong>\u00d6ffnungszeiten Rezeption:<\/strong><br>Montag \u2013 Sonntag | 9:00\u201318:00&nbsp;Uhr<\/p>\n\n\n\n<div style=\"height:50px\" aria-hidden=\"true\" class=\"wp-block-spacer\"><\/div>\n\n\n\n<h2 class=\"wp-block-heading\">Anreise<\/h2>\n\n\n\n<p>Parken: Parkhaus Boulevard Zeezijde (gegen\u00fcber der Strandh\u00e4user)<\/p>\n\n\n\n<p>Bushaltestelle \u201eKatwijk Boulevard\u201c \u2013 5&nbsp;Gehminuten<\/p>\n\n\n\n<p>Zentrum von Katwijk \u2013 3&nbsp;Gehminuten<\/p>\n<\/div>\n<\/div>\n\n\n\n<div class=\"wp-block-column is-vertically-aligned-center is-layout-flow wp-block-column-is-layout-flow\" style=\"flex-basis:40%\">\n<div class=\"wp-block-cover is-light\" style=\"min-height:600px;aspect-ratio:unset;\"><img loading=\"lazy\" decoding=\"async\" width=\"1400\" height=\"2100\" class=\"wp-block-cover__image-background wp-image-925 size-full\" alt=\"\" src=\"https:\/\/strandhuisjesskipinn.nl\/wp-content\/uploads\/2026\/02\/DSC_9220.webp\" data-object-fit=\"cover\" srcset=\"https:\/\/strandhuisjesskipinn.nl\/wp-content\/uploads\/2026\/02\/DSC_9220.webp 1400w, https:\/\/strandhuisjesskipinn.nl\/wp-content\/uploads\/2026\/02\/DSC_9220-200x300.webp 200w, https:\/\/strandhuisjesskipinn.nl\/wp-content\/uploads\/2026\/02\/DSC_9220-683x1024.webp 683w, https:\/\/strandhuisjesskipinn.nl\/wp-content\/uploads\/2026\/02\/DSC_9220-768x1152.webp 768w, https:\/\/strandhuisjesskipinn.nl\/wp-content\/uploads\/2026\/02\/DSC_9220-1024x1536.webp 1024w, https:\/\/strandhuisjesskipinn.nl\/wp-content\/uploads\/2026\/02\/DSC_9220-1365x2048.webp 1365w\" sizes=\"auto, (max-width: 1400px) 100vw, 1400px\" \/><span aria-hidden=\"true\" class=\"wp-block-cover__background has-background-dim-0 has-background-dim\" style=\"background-color:#9f9997\"><\/span><div class=\"wp-block-cover__inner-container is-layout-flow wp-block-cover-is-layout-flow\">\n<p class=\"has-text-align-center has-large-font-size\"><\/p>\n<\/div><\/div>\n<\/div>\n<\/div>\n<\/div>\n\n\n\n<div class=\"wp-block-group has-global-padding is-layout-constrained wp-block-group-is-layout-constrained\">\n<div style=\"height:85px\" aria-hidden=\"true\" class=\"wp-block-spacer\"><\/div>\n\n\n\n<div style=\"height:10px\" aria-hidden=\"true\" class=\"wp-block-spacer\"><\/div>\n<\/div>\n\n\n\n<div class=\"wp-block-group has-accent-3-color has-text-color has-link-color wp-elements-91addc7ed9ec894a27fff9461f6243cf has-global-padding is-layout-constrained wp-container-core-group-is-layout-0b40682b wp-block-group-is-layout-constrained\">\n<div class=\"wp-block-columns are-vertically-aligned-center is-layout-flex wp-container-core-columns-is-layout-92515837 wp-block-columns-is-layout-flex\">\n<div class=\"wp-block-column is-vertically-aligned-center is-layout-flow wp-block-column-is-layout-flow\" style=\"flex-basis:30%\">\n<h2 class=\"wp-block-heading\">Frisches Design. Gleiche Meeresbrise. Mehr Komfort als je zuvor.<\/h2>\n<\/div>\n\n\n\n<div class=\"wp-block-column is-vertically-aligned-center is-layout-flow wp-block-column-is-layout-flow\" style=\"flex-basis:60%\">\n<p>Er\u00f6ffnung im Februar! Unsere brandneuen, modern eingerichteten Strandh\u00e4user bieten den vertrauten Skip-Inn-Charme in einem komplett aufgefrischten Design. Perfekt f\u00fcr Familien, Paare und alle, die Ruhe am Meer suchen.<\/p>\n<\/div>\n<\/div>\n\n\n\n<div style=\"height:75px\" aria-hidden=\"true\" class=\"wp-block-spacer\"><\/div>\n<\/div>\n\n\n\n<div class=\"wp-block-buttons is-horizontal is-content-justification-center is-layout-flex wp-container-core-buttons-is-layout-3c32d1ad wp-block-buttons-is-layout-flex\" style=\"margin-top:50px;margin-bottom:0\">\n<div class=\"wp-block-button\"><a class=\"wp-block-button__link has-accent-3-color has-text-color has-background has-link-color wp-element-button\" href=\"https:\/\/strandhuisjesskipinn.nl\/de\/buchen\/\" style=\"border-radius:0px;background-color:#bae600;padding-right:var(--wp--preset--spacing--30);padding-left:var(--wp--preset--spacing--30)\">\ud83d\udc49 Verf\u00fcgbarkeit pr\u00fcfen<\/a><\/div>\n<\/div>\n\n\n\n<div class=\"wp-block-group has-global-padding is-layout-constrained wp-block-group-is-layout-constrained\">\n<div style=\"height:85px\" aria-hidden=\"true\" class=\"wp-block-spacer\"><\/div>\n\n\n\n<div style=\"height:10px\" aria-hidden=\"true\" class=\"wp-block-spacer\"><\/div>\n<\/div>\n","protected":false},"excerpt":{"rendered":"<p>Kontakt zu Skip Inn Beach Houses Fragen, Buchungen oder besondere W\u00fcnsche? Wir sind f\u00fcr Sie da. Skip Inn Beach Houses Boulevard Zeezijde 172225 BB Katwijk aan ZeeNiederlande info@strandhuisjesskipinn.nl0031 (6) 415 142 580031 (6) 536 907 63 \u00d6ffnungszeiten Rezeption:Montag \u2013 Sonntag | 9:00\u201318:00&nbsp;Uhr Anreise Parken: Parkhaus Boulevard Zeezijde (gegen\u00fcber der Strandh\u00e4user) Bushaltestelle \u201eKatwijk Boulevard\u201c \u2013 5&nbsp;Gehminuten [&hellip;]<\/p>\n","protected":false},"author":1,"featured_media":0,"parent":0,"menu_order":0,"comment_status":"closed","ping_status":"closed","template":"volledige-breedte","meta":{"_coblocks_attr":"","_coblocks_dimensions":"","_coblocks_responsive_height":"","_coblocks_accordion_ie_support":"","footnotes":""},"class_list":["post-387","page","type-page","status-publish","hentry"],"yoast_head":"<!-- This site is optimized with the Yoast SEO plugin v27.4 - https:\/\/yoast.com\/product\/yoast-seo-wordpress\/ -->\n<title>Kontakt - Skip Inn Beach Houses<\/title>\n<meta name=\"description\" content=\"Fragen, Buchungen oder besondere W\u00fcnsche? Wir helfen Ihnen gerne weiter. Kontaktieren Sie uns ganz einfach \u2013 unser Team steht bereit, Ihnen zu helfen.\" \/>\n<meta name=\"robots\" content=\"index, follow, max-snippet:-1, max-image-preview:large, max-video-preview:-1\" \/>\n<link rel=\"canonical\" href=\"https:\/\/strandhuisjesskipinn.nl\/de\/kontakt\/\" \/>\n<meta property=\"og:locale\" content=\"de_DE\" \/>\n<meta property=\"og:type\" content=\"article\" \/>\n<meta property=\"og:title\" content=\"Kontakt - Skip Inn Beach Houses\" \/>\n<meta property=\"og:description\" content=\"Fragen, Buchungen oder besondere W\u00fcnsche? Wir helfen Ihnen gerne weiter. Kontaktieren Sie uns ganz einfach \u2013 unser Team steht bereit, Ihnen zu helfen.\" \/>\n<meta property=\"og:url\" content=\"https:\/\/strandhuisjesskipinn.nl\/de\/kontakt\/\" \/>\n<meta property=\"og:site_name\" content=\"Skip Inn Beach Houses\" \/>\n<meta property=\"article:modified_time\" content=\"2026-02-17T14:38:13+00:00\" \/>\n<meta property=\"og:image\" content=\"https:\/\/strandhuisjesskipinn.nl\/wp-content\/uploads\/2026\/02\/DSC_9183.webp\" \/>\n\t<meta property=\"og:image:width\" content=\"1400\" \/>\n\t<meta property=\"og:image:height\" content=\"933\" \/>\n\t<meta property=\"og:image:type\" content=\"image\/webp\" \/>\n<meta name=\"twitter:card\" content=\"summary_large_image\" \/>\n<meta name=\"twitter:label1\" content=\"Gesch\u00e4tzte Lesezeit\" \/>\n\t<meta name=\"twitter:data1\" content=\"1\u00a0Minute\" \/>\n<script type=\"application\/ld+json\" class=\"yoast-schema-graph\">{\"@context\":\"https:\\\/\\\/schema.org\",\"@graph\":[{\"@type\":\"WebPage\",\"@id\":\"https:\\\/\\\/strandhuisjesskipinn.nl\\\/de\\\/kontakt\\\/\",\"url\":\"https:\\\/\\\/strandhuisjesskipinn.nl\\\/de\\\/kontakt\\\/\",\"name\":\"Kontakt - Skip Inn Beach Houses\",\"isPartOf\":{\"@id\":\"https:\\\/\\\/strandhuisjesskipinn.nl\\\/de\\\/#website\"},\"primaryImageOfPage\":{\"@id\":\"https:\\\/\\\/strandhuisjesskipinn.nl\\\/de\\\/kontakt\\\/#primaryimage\"},\"image\":{\"@id\":\"https:\\\/\\\/strandhuisjesskipinn.nl\\\/de\\\/kontakt\\\/#primaryimage\"},\"thumbnailUrl\":\"https:\\\/\\\/strandhuisjesskipinn.nl\\\/wp-content\\\/uploads\\\/2026\\\/02\\\/DSC_9183.webp\",\"datePublished\":\"2025-11-02T16:19:09+00:00\",\"dateModified\":\"2026-02-17T14:38:13+00:00\",\"description\":\"Fragen, Buchungen oder besondere W\u00fcnsche? Wir helfen Ihnen gerne weiter. Kontaktieren Sie uns ganz einfach \u2013 unser Team steht bereit, Ihnen zu helfen.\",\"breadcrumb\":{\"@id\":\"https:\\\/\\\/strandhuisjesskipinn.nl\\\/de\\\/kontakt\\\/#breadcrumb\"},\"inLanguage\":\"de\",\"potentialAction\":[{\"@type\":\"ReadAction\",\"target\":[\"https:\\\/\\\/strandhuisjesskipinn.nl\\\/de\\\/kontakt\\\/\"]}]},{\"@type\":\"ImageObject\",\"inLanguage\":\"de\",\"@id\":\"https:\\\/\\\/strandhuisjesskipinn.nl\\\/de\\\/kontakt\\\/#primaryimage\",\"url\":\"https:\\\/\\\/strandhuisjesskipinn.nl\\\/wp-content\\\/uploads\\\/2026\\\/02\\\/DSC_9183.webp\",\"contentUrl\":\"https:\\\/\\\/strandhuisjesskipinn.nl\\\/wp-content\\\/uploads\\\/2026\\\/02\\\/DSC_9183.webp\"},{\"@type\":\"BreadcrumbList\",\"@id\":\"https:\\\/\\\/strandhuisjesskipinn.nl\\\/de\\\/kontakt\\\/#breadcrumb\",\"itemListElement\":[{\"@type\":\"ListItem\",\"position\":1,\"name\":\"Home\",\"item\":\"https:\\\/\\\/strandhuisjesskipinn.nl\\\/de\\\/\"},{\"@type\":\"ListItem\",\"position\":2,\"name\":\"Kontakt\"}]},{\"@type\":\"WebSite\",\"@id\":\"https:\\\/\\\/strandhuisjesskipinn.nl\\\/de\\\/#website\",\"url\":\"https:\\\/\\\/strandhuisjesskipinn.nl\\\/de\\\/\",\"name\":\"Skip Inn Beach Houses\",\"description\":\"Where the ocean is your backyard and relaxation comes naturally\",\"publisher\":{\"@id\":\"https:\\\/\\\/strandhuisjesskipinn.nl\\\/de\\\/#organization\"},\"potentialAction\":[{\"@type\":\"SearchAction\",\"target\":{\"@type\":\"EntryPoint\",\"urlTemplate\":\"https:\\\/\\\/strandhuisjesskipinn.nl\\\/de\\\/?s={search_term_string}\"},\"query-input\":{\"@type\":\"PropertyValueSpecification\",\"valueRequired\":true,\"valueName\":\"search_term_string\"}}],\"inLanguage\":\"de\"},{\"@type\":\"Organization\",\"@id\":\"https:\\\/\\\/strandhuisjesskipinn.nl\\\/de\\\/#organization\",\"name\":\"Strandhuisjes Skip Inn B.V.\",\"url\":\"https:\\\/\\\/strandhuisjesskipinn.nl\\\/de\\\/\",\"logo\":{\"@type\":\"ImageObject\",\"inLanguage\":\"de\",\"@id\":\"https:\\\/\\\/strandhuisjesskipinn.nl\\\/de\\\/#\\\/schema\\\/logo\\\/image\\\/\",\"url\":\"https:\\\/\\\/strandhuisjesskipinn.nl\\\/wp-content\\\/uploads\\\/2025\\\/11\\\/Skip-Inn-Beachhouses_logo.svg\",\"contentUrl\":\"https:\\\/\\\/strandhuisjesskipinn.nl\\\/wp-content\\\/uploads\\\/2025\\\/11\\\/Skip-Inn-Beachhouses_logo.svg\",\"caption\":\"Strandhuisjes Skip Inn B.V.\"},\"image\":{\"@id\":\"https:\\\/\\\/strandhuisjesskipinn.nl\\\/de\\\/#\\\/schema\\\/logo\\\/image\\\/\"}}]}<\/script>\n<!-- \/ Yoast SEO plugin. -->","yoast_head_json":{"title":"Kontakt - Skip Inn Beach Houses","description":"Fragen, Buchungen oder besondere W\u00fcnsche? Wir helfen Ihnen gerne weiter. Kontaktieren Sie uns ganz einfach \u2013 unser Team steht bereit, Ihnen zu helfen.","robots":{"index":"index","follow":"follow","max-snippet":"max-snippet:-1","max-image-preview":"max-image-preview:large","max-video-preview":"max-video-preview:-1"},"canonical":"https:\/\/strandhuisjesskipinn.nl\/de\/kontakt\/","og_locale":"de_DE","og_type":"article","og_title":"Kontakt - Skip Inn Beach Houses","og_description":"Fragen, Buchungen oder besondere W\u00fcnsche? Wir helfen Ihnen gerne weiter. Kontaktieren Sie uns ganz einfach \u2013 unser Team steht bereit, Ihnen zu helfen.","og_url":"https:\/\/strandhuisjesskipinn.nl\/de\/kontakt\/","og_site_name":"Skip Inn Beach Houses","article_modified_time":"2026-02-17T14:38:13+00:00","og_image":[{"width":1400,"height":933,"url":"https:\/\/strandhuisjesskipinn.nl\/wp-content\/uploads\/2026\/02\/DSC_9183.webp","type":"image\/webp"}],"twitter_card":"summary_large_image","twitter_misc":{"Gesch\u00e4tzte Lesezeit":"1\u00a0Minute"},"schema":{"@context":"https:\/\/schema.org","@graph":[{"@type":"WebPage","@id":"https:\/\/strandhuisjesskipinn.nl\/de\/kontakt\/","url":"https:\/\/strandhuisjesskipinn.nl\/de\/kontakt\/","name":"Kontakt - Skip Inn Beach Houses","isPartOf":{"@id":"https:\/\/strandhuisjesskipinn.nl\/de\/#website"},"primaryImageOfPage":{"@id":"https:\/\/strandhuisjesskipinn.nl\/de\/kontakt\/#primaryimage"},"image":{"@id":"https:\/\/strandhuisjesskipinn.nl\/de\/kontakt\/#primaryimage"},"thumbnailUrl":"https:\/\/strandhuisjesskipinn.nl\/wp-content\/uploads\/2026\/02\/DSC_9183.webp","datePublished":"2025-11-02T16:19:09+00:00","dateModified":"2026-02-17T14:38:13+00:00","description":"Fragen, Buchungen oder besondere W\u00fcnsche? Wir helfen Ihnen gerne weiter. Kontaktieren Sie uns ganz einfach \u2013 unser Team steht bereit, Ihnen zu helfen.","breadcrumb":{"@id":"https:\/\/strandhuisjesskipinn.nl\/de\/kontakt\/#breadcrumb"},"inLanguage":"de","potentialAction":[{"@type":"ReadAction","target":["https:\/\/strandhuisjesskipinn.nl\/de\/kontakt\/"]}]},{"@type":"ImageObject","inLanguage":"de","@id":"https:\/\/strandhuisjesskipinn.nl\/de\/kontakt\/#primaryimage","url":"https:\/\/strandhuisjesskipinn.nl\/wp-content\/uploads\/2026\/02\/DSC_9183.webp","contentUrl":"https:\/\/strandhuisjesskipinn.nl\/wp-content\/uploads\/2026\/02\/DSC_9183.webp"},{"@type":"BreadcrumbList","@id":"https:\/\/strandhuisjesskipinn.nl\/de\/kontakt\/#breadcrumb","itemListElement":[{"@type":"ListItem","position":1,"name":"Home","item":"https:\/\/strandhuisjesskipinn.nl\/de\/"},{"@type":"ListItem","position":2,"name":"Kontakt"}]},{"@type":"WebSite","@id":"https:\/\/strandhuisjesskipinn.nl\/de\/#website","url":"https:\/\/strandhuisjesskipinn.nl\/de\/","name":"Skip Inn Beach Houses","description":"Where the ocean is your backyard and relaxation comes naturally","publisher":{"@id":"https:\/\/strandhuisjesskipinn.nl\/de\/#organization"},"potentialAction":[{"@type":"SearchAction","target":{"@type":"EntryPoint","urlTemplate":"https:\/\/strandhuisjesskipinn.nl\/de\/?s={search_term_string}"},"query-input":{"@type":"PropertyValueSpecification","valueRequired":true,"valueName":"search_term_string"}}],"inLanguage":"de"},{"@type":"Organization","@id":"https:\/\/strandhuisjesskipinn.nl\/de\/#organization","name":"Strandhuisjes Skip Inn B.V.","url":"https:\/\/strandhuisjesskipinn.nl\/de\/","logo":{"@type":"ImageObject","inLanguage":"de","@id":"https:\/\/strandhuisjesskipinn.nl\/de\/#\/schema\/logo\/image\/","url":"https:\/\/strandhuisjesskipinn.nl\/wp-content\/uploads\/2025\/11\/Skip-Inn-Beachhouses_logo.svg","contentUrl":"https:\/\/strandhuisjesskipinn.nl\/wp-content\/uploads\/2025\/11\/Skip-Inn-Beachhouses_logo.svg","caption":"Strandhuisjes Skip Inn B.V."},"image":{"@id":"https:\/\/strandhuisjesskipinn.nl\/de\/#\/schema\/logo\/image\/"}}]}},"_links":{"self":[{"href":"https:\/\/strandhuisjesskipinn.nl\/de\/wp-json\/wp\/v2\/pages\/387","targetHints":{"allow":["GET"]}}],"collection":[{"href":"https:\/\/strandhuisjesskipinn.nl\/de\/wp-json\/wp\/v2\/pages"}],"about":[{"href":"https:\/\/strandhuisjesskipinn.nl\/de\/wp-json\/wp\/v2\/types\/page"}],"author":[{"embeddable":true,"href":"https:\/\/strandhuisjesskipinn.nl\/de\/wp-json\/wp\/v2\/users\/1"}],"replies":[{"embeddable":true,"href":"https:\/\/strandhuisjesskipinn.nl\/de\/wp-json\/wp\/v2\/comments?post=387"}],"version-history":[{"count":7,"href":"https:\/\/strandhuisjesskipinn.nl\/de\/wp-json\/wp\/v2\/pages\/387\/revisions"}],"predecessor-version":[{"id":1058,"href":"https:\/\/strandhuisjesskipinn.nl\/de\/wp-json\/wp\/v2\/pages\/387\/revisions\/1058"}],"wp:attachment":[{"href":"https:\/\/strandhuisjesskipinn.nl\/de\/wp-json\/wp\/v2\/media?parent=387"}],"curies":[{"name":"wp","href":"https:\/\/api.w.org\/{rel}","templated":true}]}}